{"id":769,"date":"2023-11-26T12:37:24","date_gmt":"2023-11-26T12:37:24","guid":{"rendered":"https:\/\/hello-love.ch\/?post_type=product&#038;p=769"},"modified":"2024-01-01T11:04:12","modified_gmt":"2024-01-01T11:04:12","slug":"necessaire-candy-colours-3","status":"publish","type":"product","link":"https:\/\/hello-love.ch\/index.php\/product\/necessaire-candy-colours-3\/","title":{"rendered":"Necessaire Candy Colours"},"content":{"rendered":"<p>Einzelst\u00fcck.<\/p>\n<p>Baumwoll-Necessaire in Patchwork-Technik.<\/p>\n<p>Label handgestempelt und handbestickt auf der Vorderseite.<\/p>\n<p>R\u00fcckseite und Vorderseite sind unterschiedlich.<\/p>\n<p>Futter mint-getupft. Reissverschluss grau-beige.<\/p>\n<p>Gr\u00f6sse ca. 24x15cm<\/p>\n","protected":false},"excerpt":{"rendered":"<p>Einzelst\u00fcck. Baumwoll-Necessaire in Patchwork-Technik. Label handgestempelt und handbestickt auf der Vorderseite. R\u00fcckseite und Vorderseite sind unterschiedlich. Futter mint-getupft. Reissverschluss grau-beige. Gr\u00f6sse ca. 24x15cm<\/p>\n","protected":false},"featured_media":771,"template":"","meta":[],"product_brand":[],"product_cat":[22],"product_tag":[],"class_list":{"0":"post-769","1":"product","2":"type-product","3":"status-publish","4":"has-post-thumbnail","6":"product_cat-necessaires","8":"first","9":"instock","10":"purchasable","11":"product-type-simple"},"_links":{"self":[{"href":"https:\/\/hello-love.ch\/index.php\/wp-json\/wp\/v2\/product\/769","targetHints":{"allow":["GET"]}}],"collection":[{"href":"https:\/\/hello-love.ch\/index.php\/wp-json\/wp\/v2\/product"}],"about":[{"href":"https:\/\/hello-love.ch\/index.php\/wp-json\/wp\/v2\/types\/product"}],"wp:featuredmedia":[{"embeddable":true,"href":"https:\/\/hello-love.ch\/index.php\/wp-json\/wp\/v2\/media\/771"}],"wp:attachment":[{"href":"https:\/\/hello-love.ch\/index.php\/wp-json\/wp\/v2\/media?parent=769"}],"wp:term":[{"taxonomy":"product_brand","embeddable":true,"href":"https:\/\/hello-love.ch\/index.php\/wp-json\/wp\/v2\/product_brand?post=769"},{"taxonomy":"product_cat","embeddable":true,"href":"https:\/\/hello-love.ch\/index.php\/wp-json\/wp\/v2\/product_cat?post=769"},{"taxonomy":"product_tag","embeddable":true,"href":"https:\/\/hello-love.ch\/index.php\/wp-json\/wp\/v2\/product_tag?post=769"}],"curies":[{"name":"wp","href":"https:\/\/api.w.org\/{rel}","templated":true}]}}