{"id":768,"date":"2023-11-26T12:29:43","date_gmt":"2023-11-26T12:29:43","guid":{"rendered":"https:\/\/hello-love.ch\/?post_type=product&#038;p=768"},"modified":"2024-01-01T11:04:27","modified_gmt":"2024-01-01T11:04:27","slug":"necessaire-candy-colours-2","status":"publish","type":"product","link":"https:\/\/hello-love.ch\/index.php\/product\/necessaire-candy-colours-2\/","title":{"rendered":"Necessaire Candy Colours"},"content":{"rendered":"<p>Einzelst\u00fcck.<\/p>\n<p>Necessaire in Baumwolle, Patchwork-Technik. Label handgestempelt und handbestickt auf der Vorderseite.<\/p>\n<p>Vorder- und R\u00fcckseite sind unterschiedlich.<\/p>\n<p>Futter mint-gepunktet, Reissverschluss helles lachs-rosa.<\/p>\n<p>Gr\u00f6sse ca. 24 x 15cm<\/p>\n","protected":false},"excerpt":{"rendered":"<p>Einzelst\u00fcck. Necessaire in Baumwolle, Patchwork-Technik. Label handgestempelt und handbestickt auf der Vorderseite. Vorder- und R\u00fcckseite sind unterschiedlich. Futter mint-gepunktet, Reissverschluss helles lachs-rosa. Gr\u00f6sse ca. 24 x 15cm<\/p>\n","protected":false},"featured_media":755,"template":"","meta":[],"product_brand":[],"product_cat":[22],"product_tag":[],"class_list":{"0":"post-768","1":"product","2":"type-product","3":"status-publish","4":"has-post-thumbnail","6":"product_cat-necessaires","8":"first","9":"instock","10":"taxable","11":"shipping-taxable","12":"purchasable","13":"product-type-simple"},"_links":{"self":[{"href":"https:\/\/hello-love.ch\/index.php\/wp-json\/wp\/v2\/product\/768","targetHints":{"allow":["GET"]}}],"collection":[{"href":"https:\/\/hello-love.ch\/index.php\/wp-json\/wp\/v2\/product"}],"about":[{"href":"https:\/\/hello-love.ch\/index.php\/wp-json\/wp\/v2\/types\/product"}],"wp:featuredmedia":[{"embeddable":true,"href":"https:\/\/hello-love.ch\/index.php\/wp-json\/wp\/v2\/media\/755"}],"wp:attachment":[{"href":"https:\/\/hello-love.ch\/index.php\/wp-json\/wp\/v2\/media?parent=768"}],"wp:term":[{"taxonomy":"product_brand","embeddable":true,"href":"https:\/\/hello-love.ch\/index.php\/wp-json\/wp\/v2\/product_brand?post=768"},{"taxonomy":"product_cat","embeddable":true,"href":"https:\/\/hello-love.ch\/index.php\/wp-json\/wp\/v2\/product_cat?post=768"},{"taxonomy":"product_tag","embeddable":true,"href":"https:\/\/hello-love.ch\/index.php\/wp-json\/wp\/v2\/product_tag?post=768"}],"curies":[{"name":"wp","href":"https:\/\/api.w.org\/{rel}","templated":true}]}}