{"id":748,"date":"2023-11-26T12:09:59","date_gmt":"2023-11-26T12:09:59","guid":{"rendered":"https:\/\/hello-love.ch\/?post_type=product&#038;p=748"},"modified":"2023-11-26T12:09:59","modified_gmt":"2023-11-26T12:09:59","slug":"haenger-mit-einem-charm","status":"publish","type":"product","link":"https:\/\/hello-love.ch\/index.php\/product\/haenger-mit-einem-charm\/","title":{"rendered":"H\u00e4nger mit einem Charm"},"content":{"rendered":"<p>Vergoldeter Haken mit Charm aus drei zitronengelben, facettierten Glasperlen.<\/p>\n<p>Klein und fein. Passt von der Gr\u00f6sse her f\u00fcr Kinder, aber auch f\u00fcr Erwachsene.<\/p>\n<p>Hinten mit Gummi-Stopper gesichert.<\/p>\n","protected":false},"excerpt":{"rendered":"<p>Vergoldeter Haken mit Charm aus drei zitronengelben, facettierten Glasperlen. Klein und fein. Passt von der Gr\u00f6sse her f\u00fcr Kinder, aber auch f\u00fcr Erwachsene. Hinten mit Gummi-Stopper gesichert.<\/p>\n","protected":false},"featured_media":686,"template":"","meta":[],"product_brand":[],"product_cat":[25,20],"product_tag":[],"class_list":{"0":"post-748","1":"product","2":"type-product","3":"status-publish","4":"has-post-thumbnail","6":"product_cat-kinderschmuck","7":"product_cat-ohrringe","9":"first","10":"instock","11":"taxable","12":"shipping-taxable","13":"purchasable","14":"product-type-simple"},"_links":{"self":[{"href":"https:\/\/hello-love.ch\/index.php\/wp-json\/wp\/v2\/product\/748","targetHints":{"allow":["GET"]}}],"collection":[{"href":"https:\/\/hello-love.ch\/index.php\/wp-json\/wp\/v2\/product"}],"about":[{"href":"https:\/\/hello-love.ch\/index.php\/wp-json\/wp\/v2\/types\/product"}],"wp:featuredmedia":[{"embeddable":true,"href":"https:\/\/hello-love.ch\/index.php\/wp-json\/wp\/v2\/media\/686"}],"wp:attachment":[{"href":"https:\/\/hello-love.ch\/index.php\/wp-json\/wp\/v2\/media?parent=748"}],"wp:term":[{"taxonomy":"product_brand","embeddable":true,"href":"https:\/\/hello-love.ch\/index.php\/wp-json\/wp\/v2\/product_brand?post=748"},{"taxonomy":"product_cat","embeddable":true,"href":"https:\/\/hello-love.ch\/index.php\/wp-json\/wp\/v2\/product_cat?post=748"},{"taxonomy":"product_tag","embeddable":true,"href":"https:\/\/hello-love.ch\/index.php\/wp-json\/wp\/v2\/product_tag?post=748"}],"curies":[{"name":"wp","href":"https:\/\/api.w.org\/{rel}","templated":true}]}}