{"id":747,"date":"2023-11-26T12:07:48","date_gmt":"2023-11-26T12:07:48","guid":{"rendered":"https:\/\/hello-love.ch\/?post_type=product&#038;p=747"},"modified":"2023-11-26T12:08:16","modified_gmt":"2023-11-26T12:08:16","slug":"747","status":"publish","type":"product","link":"https:\/\/hello-love.ch\/index.php\/product\/747\/","title":{"rendered":"H\u00e4nger mit Glas-Tropfen"},"content":{"rendered":"<blockquote><p>Vergoldeter H\u00e4nger mit violettem Glastropfen unter hellblauer Glocke.<\/p><\/blockquote>\n<p>Hinten mit Gummi-Stopper gesichert.<\/p>\n<p>Klein und fein. Passt von der Gr\u00f6sse her f\u00fcr Kinder, aber auch f\u00fcr Erwachsene.<\/p>\n","protected":false},"excerpt":{"rendered":"<p>Vergoldeter H\u00e4nger mit violettem Glastropfen unter hellblauer Glocke. Hinten mit Gummi-Stopper gesichert. Klein und fein. Passt von der Gr\u00f6sse her f\u00fcr Kinder, aber auch f\u00fcr Erwachsene.<\/p>\n","protected":false},"featured_media":689,"template":"","meta":[],"product_brand":[],"product_cat":[25,20],"product_tag":[],"class_list":{"0":"post-747","1":"product","2":"type-product","3":"status-publish","4":"has-post-thumbnail","6":"product_cat-kinderschmuck","7":"product_cat-ohrringe","9":"first","10":"instock","11":"purchasable","12":"product-type-simple"},"_links":{"self":[{"href":"https:\/\/hello-love.ch\/index.php\/wp-json\/wp\/v2\/product\/747","targetHints":{"allow":["GET"]}}],"collection":[{"href":"https:\/\/hello-love.ch\/index.php\/wp-json\/wp\/v2\/product"}],"about":[{"href":"https:\/\/hello-love.ch\/index.php\/wp-json\/wp\/v2\/types\/product"}],"wp:featuredmedia":[{"embeddable":true,"href":"https:\/\/hello-love.ch\/index.php\/wp-json\/wp\/v2\/media\/689"}],"wp:attachment":[{"href":"https:\/\/hello-love.ch\/index.php\/wp-json\/wp\/v2\/media?parent=747"}],"wp:term":[{"taxonomy":"product_brand","embeddable":true,"href":"https:\/\/hello-love.ch\/index.php\/wp-json\/wp\/v2\/product_brand?post=747"},{"taxonomy":"product_cat","embeddable":true,"href":"https:\/\/hello-love.ch\/index.php\/wp-json\/wp\/v2\/product_cat?post=747"},{"taxonomy":"product_tag","embeddable":true,"href":"https:\/\/hello-love.ch\/index.php\/wp-json\/wp\/v2\/product_tag?post=747"}],"curies":[{"name":"wp","href":"https:\/\/api.w.org\/{rel}","templated":true}]}}