{"id":746,"date":"2023-11-26T12:06:09","date_gmt":"2023-11-26T12:06:09","guid":{"rendered":"https:\/\/hello-love.ch\/?post_type=product&#038;p=746"},"modified":"2023-11-26T12:06:09","modified_gmt":"2023-11-26T12:06:09","slug":"haenger-mit-glas-tropfen","status":"publish","type":"product","link":"https:\/\/hello-love.ch\/index.php\/product\/haenger-mit-glas-tropfen\/","title":{"rendered":"H\u00e4nger mit Glas-Tropfen"},"content":{"rendered":"<p>Vergoldeter Haken mit Glas-Tropfen.<\/p>\n<p>Hinten mit Gummi-Stopper gesichert.<\/p>\n<p>Klein und fein, passt f\u00fcr Kinder und auch Erwachsene.<\/p>\n<p>Farben: gold, apfelgr\u00fcn<\/p>\n<p>Auch mit weissem Glas-Tropfen erh\u00e4ltlich.<\/p>\n","protected":false},"excerpt":{"rendered":"<p>Vergoldeter Haken mit Glas-Tropfen. Hinten mit Gummi-Stopper gesichert. Klein und fein, passt f\u00fcr Kinder und auch Erwachsene. Farben: gold, apfelgr\u00fcn Auch mit weissem Glas-Tropfen erh\u00e4ltlich.<\/p>\n","protected":false},"featured_media":688,"template":"","meta":[],"product_brand":[],"product_cat":[25,20],"product_tag":[],"class_list":{"0":"post-746","1":"product","2":"type-product","3":"status-publish","4":"has-post-thumbnail","6":"product_cat-kinderschmuck","7":"product_cat-ohrringe","9":"first","10":"instock","11":"purchasable","12":"product-type-simple"},"_links":{"self":[{"href":"https:\/\/hello-love.ch\/index.php\/wp-json\/wp\/v2\/product\/746","targetHints":{"allow":["GET"]}}],"collection":[{"href":"https:\/\/hello-love.ch\/index.php\/wp-json\/wp\/v2\/product"}],"about":[{"href":"https:\/\/hello-love.ch\/index.php\/wp-json\/wp\/v2\/types\/product"}],"wp:featuredmedia":[{"embeddable":true,"href":"https:\/\/hello-love.ch\/index.php\/wp-json\/wp\/v2\/media\/688"}],"wp:attachment":[{"href":"https:\/\/hello-love.ch\/index.php\/wp-json\/wp\/v2\/media?parent=746"}],"wp:term":[{"taxonomy":"product_brand","embeddable":true,"href":"https:\/\/hello-love.ch\/index.php\/wp-json\/wp\/v2\/product_brand?post=746"},{"taxonomy":"product_cat","embeddable":true,"href":"https:\/\/hello-love.ch\/index.php\/wp-json\/wp\/v2\/product_cat?post=746"},{"taxonomy":"product_tag","embeddable":true,"href":"https:\/\/hello-love.ch\/index.php\/wp-json\/wp\/v2\/product_tag?post=746"}],"curies":[{"name":"wp","href":"https:\/\/api.w.org\/{rel}","templated":true}]}}