{"id":714,"date":"2023-11-26T10:32:02","date_gmt":"2023-11-26T10:32:02","guid":{"rendered":"https:\/\/hello-love.ch\/?post_type=product&#038;p=714"},"modified":"2024-01-01T16:03:09","modified_gmt":"2024-01-01T16:03:09","slug":"necessaire-karo-rot","status":"publish","type":"product","link":"https:\/\/hello-love.ch\/index.php\/product\/necessaire-karo-rot\/","title":{"rendered":"Necessaire Karo rot"},"content":{"rendered":"<p>Necessaire aus Baumwolle mit Karo-Print in Rot-Weiss.<\/p>\n<p>Reissverschluss 20cm in div Farben. Futter in Koralle mit weissen Punkten oder hellrosa.<\/p>\n<p>R\u00fcsche rundherum \ud83d\ude42 und Z\u00f6tteli am Reissverschluss. Handgedrucktes, handbesticktes Label auf der Vorderseite.<\/p>\n<p>Die perfekte Gr\u00f6sse f\u00fcr ein paar kleine Dinge in der Tasche!<\/p>\n<p>Ca.25 x 22 cm<\/p>\n<p>Aktuell drei St\u00fcck vorhanden. Farbw\u00fcnsche von Reissverschluss und Futter beim Bestellvorgang als Bemerkung hinzuf\u00fcgen.<\/p>\n<p>RV pink, Futter hellrosa<\/p>\n<p>RV beige, Futter koralle-getupft<\/p>\n<p>RV altrosa, Futter koralle-getupft<\/p>\n<p>&nbsp;<\/p>\n","protected":false},"excerpt":{"rendered":"<p>Necessaire aus Baumwolle mit Karo-Print in Rot-Weiss. Reissverschluss 20cm in div Farben. Futter in Koralle mit weissen Punkten oder hellrosa. R\u00fcsche rundherum \ud83d\ude42 und Z\u00f6tteli am Reissverschluss. Handgedrucktes, handbesticktes Label auf der Vorderseite. Die perfekte Gr\u00f6sse f\u00fcr ein paar kleine Dinge in der Tasche! Ca.25 x 22 cm Aktuell drei St\u00fcck vorhanden. Farbw\u00fcnsche von Reissverschluss [&hellip;]<\/p>\n","protected":false},"featured_media":568,"template":"","meta":[],"product_brand":[],"product_cat":[22],"product_tag":[],"class_list":{"0":"post-714","1":"product","2":"type-product","3":"status-publish","4":"has-post-thumbnail","6":"product_cat-necessaires","8":"first","9":"instock","10":"taxable","11":"shipping-taxable","12":"purchasable","13":"product-type-simple"},"_links":{"self":[{"href":"https:\/\/hello-love.ch\/index.php\/wp-json\/wp\/v2\/product\/714","targetHints":{"allow":["GET"]}}],"collection":[{"href":"https:\/\/hello-love.ch\/index.php\/wp-json\/wp\/v2\/product"}],"about":[{"href":"https:\/\/hello-love.ch\/index.php\/wp-json\/wp\/v2\/types\/product"}],"wp:featuredmedia":[{"embeddable":true,"href":"https:\/\/hello-love.ch\/index.php\/wp-json\/wp\/v2\/media\/568"}],"wp:attachment":[{"href":"https:\/\/hello-love.ch\/index.php\/wp-json\/wp\/v2\/media?parent=714"}],"wp:term":[{"taxonomy":"product_brand","embeddable":true,"href":"https:\/\/hello-love.ch\/index.php\/wp-json\/wp\/v2\/product_brand?post=714"},{"taxonomy":"product_cat","embeddable":true,"href":"https:\/\/hello-love.ch\/index.php\/wp-json\/wp\/v2\/product_cat?post=714"},{"taxonomy":"product_tag","embeddable":true,"href":"https:\/\/hello-love.ch\/index.php\/wp-json\/wp\/v2\/product_tag?post=714"}],"curies":[{"name":"wp","href":"https:\/\/api.w.org\/{rel}","templated":true}]}}