{"id":713,"date":"2023-11-26T10:29:00","date_gmt":"2023-11-26T10:29:00","guid":{"rendered":"https:\/\/hello-love.ch\/?post_type=product&#038;p=713"},"modified":"2024-01-01T16:06:28","modified_gmt":"2024-01-01T16:06:28","slug":"necessaire-karo-blau","status":"publish","type":"product","link":"https:\/\/hello-love.ch\/index.php\/product\/necessaire-karo-blau\/","title":{"rendered":"Necessaire Karo blau"},"content":{"rendered":"<ul>\n<li>Necessaire aus Baumwolle mit Karo-Print in Blau-Weiss.<\/li>\n<\/ul>\n<p>Reissverschluss 20cm in div Farben. Futter in Blau mit weissen Punkten.<\/p>\n<p>R\u00fcsche rundherum \ud83d\ude42 und Z\u00f6tteli am Reissverschluss. Handgedrucktes, handbesticktes Label auf der Vorderseite.<\/p>\n<p>Die perfekte Gr\u00f6sse f\u00fcr ein paar kleine Dinge in der Tasche!<\/p>\n<p>Ca.25 x 22cm<\/p>\n<p>Aktuell zwei St\u00fcck vorhanden, k\u00f6nnen nachproduziert werden.<\/p>\n","protected":false},"excerpt":{"rendered":"<p>Necessaire aus Baumwolle mit Karo-Print in Blau-Weiss. Reissverschluss 20cm in div Farben. Futter in Blau mit weissen Punkten. R\u00fcsche rundherum \ud83d\ude42 und Z\u00f6tteli am Reissverschluss. Handgedrucktes, handbesticktes Label auf der Vorderseite. Die perfekte Gr\u00f6sse f\u00fcr ein paar kleine Dinge in der Tasche! Ca.25 x 22cm Aktuell zwei St\u00fcck vorhanden, k\u00f6nnen nachproduziert werden.<\/p>\n","protected":false},"featured_media":579,"template":"","meta":[],"product_brand":[],"product_cat":[22],"product_tag":[],"class_list":{"0":"post-713","1":"product","2":"type-product","3":"status-publish","4":"has-post-thumbnail","6":"product_cat-necessaires","8":"first","9":"instock","10":"purchasable","11":"product-type-simple"},"_links":{"self":[{"href":"https:\/\/hello-love.ch\/index.php\/wp-json\/wp\/v2\/product\/713","targetHints":{"allow":["GET"]}}],"collection":[{"href":"https:\/\/hello-love.ch\/index.php\/wp-json\/wp\/v2\/product"}],"about":[{"href":"https:\/\/hello-love.ch\/index.php\/wp-json\/wp\/v2\/types\/product"}],"wp:featuredmedia":[{"embeddable":true,"href":"https:\/\/hello-love.ch\/index.php\/wp-json\/wp\/v2\/media\/579"}],"wp:attachment":[{"href":"https:\/\/hello-love.ch\/index.php\/wp-json\/wp\/v2\/media?parent=713"}],"wp:term":[{"taxonomy":"product_brand","embeddable":true,"href":"https:\/\/hello-love.ch\/index.php\/wp-json\/wp\/v2\/product_brand?post=713"},{"taxonomy":"product_cat","embeddable":true,"href":"https:\/\/hello-love.ch\/index.php\/wp-json\/wp\/v2\/product_cat?post=713"},{"taxonomy":"product_tag","embeddable":true,"href":"https:\/\/hello-love.ch\/index.php\/wp-json\/wp\/v2\/product_tag?post=713"}],"curies":[{"name":"wp","href":"https:\/\/api.w.org\/{rel}","templated":true}]}}