{"id":257,"date":"2023-09-13T15:53:13","date_gmt":"2023-09-13T15:53:13","guid":{"rendered":"https:\/\/hello-love.ch\/?post_type=product&#038;p=257"},"modified":"2023-09-13T15:53:13","modified_gmt":"2023-09-13T15:53:13","slug":"creolen-mit-drei-charms-6","status":"publish","type":"product","link":"https:\/\/hello-love.ch\/index.php\/product\/creolen-mit-drei-charms-6\/","title":{"rendered":"Creolen mit drei Charms"},"content":{"rendered":"<p>Die Farben auf dem Foto mit der Hand kommen der Realit\u00e4t am nahesten.<\/p>\n","protected":false},"excerpt":{"rendered":"<p>Creole in der Gr\u00f6sse M &#8211; 2cm Durchmesser<\/p>\n<p>18K vergoldeter chirurgischer Edelstahl<\/p>\n<p>anlauf-frei \/ hypoallergen \/ nickelfrei<\/p>\n<p>Charms aus vintage Glasperlen auf Messingstiften<\/p>\n<p>Tropfen aus Messing<\/p>\n<p>Farben: gold, gew\u00fcrzgr\u00fcn, mintgr\u00fcn, rauchblau<\/p>\n","protected":false},"featured_media":174,"template":"","meta":[],"product_brand":[],"product_cat":[20,19],"product_tag":[],"class_list":{"0":"post-257","1":"product","2":"type-product","3":"status-publish","4":"has-post-thumbnail","6":"product_cat-ohrringe","7":"product_cat-schmuck","9":"first","10":"instock","11":"taxable","12":"shipping-taxable","13":"purchasable","14":"product-type-simple"},"_links":{"self":[{"href":"https:\/\/hello-love.ch\/index.php\/wp-json\/wp\/v2\/product\/257","targetHints":{"allow":["GET"]}}],"collection":[{"href":"https:\/\/hello-love.ch\/index.php\/wp-json\/wp\/v2\/product"}],"about":[{"href":"https:\/\/hello-love.ch\/index.php\/wp-json\/wp\/v2\/types\/product"}],"wp:featuredmedia":[{"embeddable":true,"href":"https:\/\/hello-love.ch\/index.php\/wp-json\/wp\/v2\/media\/174"}],"wp:attachment":[{"href":"https:\/\/hello-love.ch\/index.php\/wp-json\/wp\/v2\/media?parent=257"}],"wp:term":[{"taxonomy":"product_brand","embeddable":true,"href":"https:\/\/hello-love.ch\/index.php\/wp-json\/wp\/v2\/product_brand?post=257"},{"taxonomy":"product_cat","embeddable":true,"href":"https:\/\/hello-love.ch\/index.php\/wp-json\/wp\/v2\/product_cat?post=257"},{"taxonomy":"product_tag","embeddable":true,"href":"https:\/\/hello-love.ch\/index.php\/wp-json\/wp\/v2\/product_tag?post=257"}],"curies":[{"name":"wp","href":"https:\/\/api.w.org\/{rel}","templated":true}]}}