{"id":1171,"date":"2024-01-01T16:45:22","date_gmt":"2024-01-01T16:45:22","guid":{"rendered":"https:\/\/hello-love.ch\/?post_type=product&#038;p=1171"},"modified":"2024-01-01T16:48:06","modified_gmt":"2024-01-01T16:48:06","slug":"magnete","status":"publish","type":"product","link":"https:\/\/hello-love.ch\/index.php\/product\/magnete\/","title":{"rendered":"Magnete weiss-rosa"},"content":{"rendered":"<p>Magnete aus Glas mit einem feschen Goldschweif &#8211; Einzelst\u00fccke bzw. Kleinserien.<\/p>\n<p>Jeder Magnet ist ein bisschen anders . Ich habe sie aus einem Lot Fehlpressungen von Gablonzer Kn\u00f6pfen gemacht. Mit superkrassem Kleber, h\u00e4lt garantiert.<\/p>\n<p>Farben: rosa, weiss, hellblau, hellgr\u00fcn, schwarz, perlmutt, irisierend&#8230;..<\/p>\n<p>Gr\u00f6sse: 2.5 cm und kleiner<\/p>\n<p>Preis: 5 pro St\u00fcck<\/p>\n<p>Farbwunsch beim Bestellvorgang angeben<\/p>\n","protected":false},"excerpt":{"rendered":"<p>Magnete aus Glas mit einem feschen Goldschweif &#8211; Einzelst\u00fccke bzw. Kleinserien. Jeder Magnet ist ein bisschen anders . Ich habe sie aus einem Lot Fehlpressungen von Gablonzer Kn\u00f6pfen gemacht. Mit superkrassem Kleber, h\u00e4lt garantiert. Farben: rosa, weiss, hellblau, hellgr\u00fcn, schwarz, perlmutt, irisierend&#8230;.. Gr\u00f6sse: 2.5 cm und kleiner Preis: 5 pro St\u00fcck Farbwunsch beim Bestellvorgang angeben<\/p>\n","protected":false},"featured_media":1190,"template":"","meta":[],"product_brand":[],"product_cat":[24],"product_tag":[],"class_list":{"0":"post-1171","1":"product","2":"type-product","3":"status-publish","4":"has-post-thumbnail","6":"product_cat-magnete","8":"first","9":"instock","10":"taxable","11":"shipping-taxable","12":"purchasable","13":"product-type-simple"},"_links":{"self":[{"href":"https:\/\/hello-love.ch\/index.php\/wp-json\/wp\/v2\/product\/1171","targetHints":{"allow":["GET"]}}],"collection":[{"href":"https:\/\/hello-love.ch\/index.php\/wp-json\/wp\/v2\/product"}],"about":[{"href":"https:\/\/hello-love.ch\/index.php\/wp-json\/wp\/v2\/types\/product"}],"wp:featuredmedia":[{"embeddable":true,"href":"https:\/\/hello-love.ch\/index.php\/wp-json\/wp\/v2\/media\/1190"}],"wp:attachment":[{"href":"https:\/\/hello-love.ch\/index.php\/wp-json\/wp\/v2\/media?parent=1171"}],"wp:term":[{"taxonomy":"product_brand","embeddable":true,"href":"https:\/\/hello-love.ch\/index.php\/wp-json\/wp\/v2\/product_brand?post=1171"},{"taxonomy":"product_cat","embeddable":true,"href":"https:\/\/hello-love.ch\/index.php\/wp-json\/wp\/v2\/product_cat?post=1171"},{"taxonomy":"product_tag","embeddable":true,"href":"https:\/\/hello-love.ch\/index.php\/wp-json\/wp\/v2\/product_tag?post=1171"}],"curies":[{"name":"wp","href":"https:\/\/api.w.org\/{rel}","templated":true}]}}