{"id":1132,"date":"2024-01-01T15:30:11","date_gmt":"2024-01-01T15:30:11","guid":{"rendered":"https:\/\/hello-love.ch\/?post_type=product&#038;p=1132"},"modified":"2024-01-01T15:30:11","modified_gmt":"2024-01-01T15:30:11","slug":"armbaendeli-kornblume","status":"publish","type":"product","link":"https:\/\/hello-love.ch\/index.php\/product\/armbaendeli-kornblume\/","title":{"rendered":"Armb\u00e4ndeli Kornblume"},"content":{"rendered":"<p>Armb\u00e4ndeli mit kornblumenblauen Rocailles &#8211; erg\u00e4nzt mit Stabperlen in Gold, facettierten Perlen in gold &#8211; Kombinationsw\u00fcnche bei Bestellung angeben.<\/p>\n<p>Eine Wahnsinns-Farbe, dieses Blau. Es kommt bei mir allenthalben vor, so z.B. auch bei den Halsketten Domino.<\/p>\n<p>elastisch<\/p>\n","protected":false},"excerpt":{"rendered":"<p>Armb\u00e4ndeli mit kornblumenblauen Rocailles &#8211; erg\u00e4nzt mit Stabperlen in Gold, facettierten Perlen in gold &#8211; Kombinationsw\u00fcnche bei Bestellung angeben. Eine Wahnsinns-Farbe, dieses Blau. Es kommt bei mir allenthalben vor, so z.B. auch bei den Halsketten Domino. elastisch<\/p>\n","protected":false},"featured_media":1038,"template":"","meta":[],"product_brand":[],"product_cat":[23,19],"product_tag":[],"class_list":{"0":"post-1132","1":"product","2":"type-product","3":"status-publish","4":"has-post-thumbnail","6":"product_cat-armbaender","7":"product_cat-schmuck","9":"first","10":"instock","11":"taxable","12":"shipping-taxable","13":"purchasable","14":"product-type-simple"},"_links":{"self":[{"href":"https:\/\/hello-love.ch\/index.php\/wp-json\/wp\/v2\/product\/1132","targetHints":{"allow":["GET"]}}],"collection":[{"href":"https:\/\/hello-love.ch\/index.php\/wp-json\/wp\/v2\/product"}],"about":[{"href":"https:\/\/hello-love.ch\/index.php\/wp-json\/wp\/v2\/types\/product"}],"wp:featuredmedia":[{"embeddable":true,"href":"https:\/\/hello-love.ch\/index.php\/wp-json\/wp\/v2\/media\/1038"}],"wp:attachment":[{"href":"https:\/\/hello-love.ch\/index.php\/wp-json\/wp\/v2\/media?parent=1132"}],"wp:term":[{"taxonomy":"product_brand","embeddable":true,"href":"https:\/\/hello-love.ch\/index.php\/wp-json\/wp\/v2\/product_brand?post=1132"},{"taxonomy":"product_cat","embeddable":true,"href":"https:\/\/hello-love.ch\/index.php\/wp-json\/wp\/v2\/product_cat?post=1132"},{"taxonomy":"product_tag","embeddable":true,"href":"https:\/\/hello-love.ch\/index.php\/wp-json\/wp\/v2\/product_tag?post=1132"}],"curies":[{"name":"wp","href":"https:\/\/api.w.org\/{rel}","templated":true}]}}