{"id":1122,"date":"2024-01-01T14:50:02","date_gmt":"2024-01-01T14:50:02","guid":{"rendered":"https:\/\/hello-love.ch\/?post_type=product&#038;p=1122"},"modified":"2024-01-01T14:50:02","modified_gmt":"2024-01-01T14:50:02","slug":"armreif-messing-vergoldet","status":"publish","type":"product","link":"https:\/\/hello-love.ch\/index.php\/product\/armreif-messing-vergoldet\/","title":{"rendered":"Armreif Messing vergoldet"},"content":{"rendered":"<p>Vintage Armreif aus Indien. Messing massiv, vergoldet. Kerben als Verzierung.<\/p>\n<p>Ich hatte das Gl\u00fcck, dass ich bei einem meiner H\u00e4ndlerinnen ein Lot davon ergattern konnte. Nicht mehr nachbestellbar.<\/p>\n<p>L\u00e4uft nicht an.<\/p>\n","protected":false},"excerpt":{"rendered":"<p>Vintage Armreif aus Indien. Messing massiv, vergoldet. Kerben als Verzierung. Ich hatte das Gl\u00fcck, dass ich bei einem meiner H\u00e4ndlerinnen ein Lot davon ergattern konnte. Nicht mehr nachbestellbar. L\u00e4uft nicht an.<\/p>\n","protected":false},"featured_media":1121,"template":"","meta":[],"product_brand":[],"product_cat":[23,19],"product_tag":[],"class_list":{"0":"post-1122","1":"product","2":"type-product","3":"status-publish","4":"has-post-thumbnail","6":"product_cat-armbaender","7":"product_cat-schmuck","9":"first","10":"instock","11":"purchasable","12":"product-type-simple"},"_links":{"self":[{"href":"https:\/\/hello-love.ch\/index.php\/wp-json\/wp\/v2\/product\/1122","targetHints":{"allow":["GET"]}}],"collection":[{"href":"https:\/\/hello-love.ch\/index.php\/wp-json\/wp\/v2\/product"}],"about":[{"href":"https:\/\/hello-love.ch\/index.php\/wp-json\/wp\/v2\/types\/product"}],"wp:featuredmedia":[{"embeddable":true,"href":"https:\/\/hello-love.ch\/index.php\/wp-json\/wp\/v2\/media\/1121"}],"wp:attachment":[{"href":"https:\/\/hello-love.ch\/index.php\/wp-json\/wp\/v2\/media?parent=1122"}],"wp:term":[{"taxonomy":"product_brand","embeddable":true,"href":"https:\/\/hello-love.ch\/index.php\/wp-json\/wp\/v2\/product_brand?post=1122"},{"taxonomy":"product_cat","embeddable":true,"href":"https:\/\/hello-love.ch\/index.php\/wp-json\/wp\/v2\/product_cat?post=1122"},{"taxonomy":"product_tag","embeddable":true,"href":"https:\/\/hello-love.ch\/index.php\/wp-json\/wp\/v2\/product_tag?post=1122"}],"curies":[{"name":"wp","href":"https:\/\/api.w.org\/{rel}","templated":true}]}}