{"id":726,"date":"2023-11-26T11:18:48","date_gmt":"2023-11-26T11:18:48","guid":{"rendered":"https:\/\/hello-love.ch\/?page_id=726"},"modified":"2024-01-01T11:30:43","modified_gmt":"2024-01-01T11:30:43","slug":"ueber-hellolove","status":"publish","type":"page","link":"https:\/\/hello-love.ch\/index.php\/ueber-hellolove\/","title":{"rendered":"\u00dcber helloLOVE"},"content":{"rendered":"\n<p class=\"has-normal-font-size\">helloLOVE, das ist Prisca pur. Das Label gibt es offiziell seit 2020 &#8211; Prisca jedoch schafft kreativ, seit sie denken kann. In den vielen Jahren hat sich ein Fundus an unterschiedlichen Materialien angesammelt (die Sachen finden ihren Weg von selbst zu ihr, beteuert sie!). Besagter reicher, bunter, vielf\u00e4ltiger Fundus wartet darauf, in neuer Kombination die Herzen zu erfreuen. Die Ideen tummeln sich zuhauf in ihrem Kopf, so dass sie alle die Sachen gar nicht alleine tragen und benutzen kann. Aus diesem Motto heraus kam das Label helloLOVE zustande: Alles Gute f\u00fcr uns alle!<\/p>\n\n\n\n<p>Im Atelier von helloLOVE entsteht individueller Schmuck f\u00fcr Ohren, Arme und H\u00e4lse, dazu Magnete, Schl\u00fcsselanh\u00e4nger und auch Textiles wie Necessaires oder Taschen. Manche Dinge sind wild und bunt, andere wieder schlicht und fein. Geradeso, wonach dir der Sinn steht.<\/p>\n\n\n\n<p>In Planung ist auf der Website auch eine Ecke f\u00fcr vintage Einzelst\u00fccke &#8211; das kann Schmuck sein, Porzellan, Experimente, Kleidungsst\u00fccke oder Accessoires. Gucken wir!<\/p>\n\n\n\n<p>Die helloLOVE Produkte sind in verschiedenen L\u00e4den, an M\u00e4rkten und Pop Ups sowie hier im Online-Shop erh\u00e4ltlich.<\/p>\n\n\n\n<p><\/p>\n","protected":false},"excerpt":{"rendered":"<p>helloLOVE, das ist Prisca pur. Das Label gibt es offiziell seit 2020 &#8211; Prisca jedoch schafft kreativ, seit sie denken kann. In den vielen Jahren hat sich ein Fundus an unterschiedlichen Materialien angesammelt (die Sachen finden ihren Weg von selbst zu ihr, beteuert sie!). Besagter reicher, bunter, vielf\u00e4ltiger Fundus wartet darauf, in neuer Kombination die [&hellip;]<\/p>\n","protected":false},"author":2,"featured_media":0,"parent":0,"menu_order":3,"comment_status":"closed","ping_status":"closed","template":"","meta":{"footnotes":""},"class_list":["post-726","page","type-page","status-publish","hentry"],"_links":{"self":[{"href":"https:\/\/hello-love.ch\/index.php\/wp-json\/wp\/v2\/pages\/726","targetHints":{"allow":["GET"]}}],"collection":[{"href":"https:\/\/hello-love.ch\/index.php\/wp-json\/wp\/v2\/pages"}],"about":[{"href":"https:\/\/hello-love.ch\/index.php\/wp-json\/wp\/v2\/types\/page"}],"author":[{"embeddable":true,"href":"https:\/\/hello-love.ch\/index.php\/wp-json\/wp\/v2\/users\/2"}],"replies":[{"embeddable":true,"href":"https:\/\/hello-love.ch\/index.php\/wp-json\/wp\/v2\/comments?post=726"}],"version-history":[{"count":4,"href":"https:\/\/hello-love.ch\/index.php\/wp-json\/wp\/v2\/pages\/726\/revisions"}],"predecessor-version":[{"id":962,"href":"https:\/\/hello-love.ch\/index.php\/wp-json\/wp\/v2\/pages\/726\/revisions\/962"}],"wp:attachment":[{"href":"https:\/\/hello-love.ch\/index.php\/wp-json\/wp\/v2\/media?parent=726"}],"curies":[{"name":"wp","href":"https:\/\/api.w.org\/{rel}","templated":true}]}}