{"id":34,"date":"2020-11-22T16:22:47","date_gmt":"2020-11-22T16:22:47","guid":{"rendered":"https:\/\/hello-love.ch\/?page_id=34"},"modified":"2024-01-01T11:16:46","modified_gmt":"2024-01-01T11:16:46","slug":"startseite","status":"publish","type":"page","link":"https:\/\/hello-love.ch\/","title":{"rendered":"hello LOVE"},"content":{"rendered":"\n<h2 class=\"wp-block-heading has-black-color has-text-color has-medium-font-size\" style=\"font-style:normal;font-weight:600\">Individueller Schmuck und Accessoires \u2013 mit Liebe hergestellt in Z\u00fcrich<\/h2>\n\n\n\n<figure class=\"wp-block-image size-large\"><img loading=\"lazy\" decoding=\"async\" width=\"1024\" height=\"417\" src=\"https:\/\/hello-love.ch\/wp-content\/uploads\/2023\/10\/IMG_4302-e1698078597613-1024x417.jpg\" alt=\"\" class=\"wp-image-517\" srcset=\"https:\/\/hello-love.ch\/wp-content\/uploads\/2023\/10\/IMG_4302-e1698078597613-1024x417.jpg 1024w, https:\/\/hello-love.ch\/wp-content\/uploads\/2023\/10\/IMG_4302-e1698078597613-300x122.jpg 300w, https:\/\/hello-love.ch\/wp-content\/uploads\/2023\/10\/IMG_4302-e1698078597613-768x313.jpg 768w, https:\/\/hello-love.ch\/wp-content\/uploads\/2023\/10\/IMG_4302-e1698078597613-416x170.jpg 416w, https:\/\/hello-love.ch\/wp-content\/uploads\/2023\/10\/IMG_4302-e1698078597613.jpg 1202w\" sizes=\"auto, (max-width: 1024px) 100vw, 1024px\" \/><\/figure>\n\n\n\n<p>Ich verwende f\u00fcr meine Produkte nur hochwertige Materialien. \u00dcberall pr\u00e4sent sind vintage Materialien \u2013 Stoffe, Schmuckelemente, Mercerie-Waren, Kordeln oder einfach Gl\u00fccksfunde, die ich auf Flohm\u00e4rkten, im Brocki, im Internet oder in meinem lange Jahre aufgebauten Fundus entdecke.<\/p>\n\n\n\n<p><em>hello <\/em>LOVE hat darum meistens Kleinserien im Angebot, ab und zu auch Einzelst\u00fccke.<\/p>\n\n\n\n<p>Es lohnt sich, regelm\u00e4ssig hereinzuschauen &#8211; ich kreiere w\u00f6chentlich neue Produkte. <\/p>\n\n\n\n<p>Aktuell umfasst meine Produktwelt Schmuck und Necessaires. Laufend mehr! <\/p>\n\n\n\n<p>Folge mir auf instagram: <strong><a href=\"https:\/\/www.instagram.com\/hellolovezurich\/\" data-type=\"link\" data-id=\"https:\/\/www.instagram.com\/hellolovezurich\/\">hellolovezurich<\/a><\/strong><\/p>\n\n\n\n<div class=\"wp-block-buttons is-layout-flex wp-block-buttons-is-layout-flex\">\n<div class=\"wp-block-button\"><a class=\"wp-block-button__link wp-element-button\" href=\"https:\/\/hello-love.ch\/index.php\/shop\">Entdecke das ganze Angebot im Shop &#8230;<\/a><\/div>\n<\/div>\n\n\n\n\n\n\n<div data-block-name=\"woocommerce\/product-top-rated\" class=\"wc-block-grid wp-block-product-top-rated wp-block-woocommerce-product-top-rated wc-block-product-top-rated has-3-columns has-multiple-rows\"><ul class=\"wc-block-grid__products\"><li class=\"wc-block-grid__product\">\n\t\t\t\t<a href=\"https:\/\/hello-love.ch\/index.php\/product\/magnete-schwarz-gold\/\" class=\"wc-block-grid__product-link\">\n\t\t\t\t\t\n\t\t\t\t\t<div class=\"wc-block-grid__product-image\"><img loading=\"lazy\" decoding=\"async\" width=\"324\" height=\"324\" src=\"https:\/\/hello-love.ch\/wp-content\/uploads\/2024\/01\/IMG_6068-324x324.jpg\" class=\"attachment-woocommerce_thumbnail size-woocommerce_thumbnail\" alt=\"Magnete schwarz-gold\" srcset=\"https:\/\/hello-love.ch\/wp-content\/uploads\/2024\/01\/IMG_6068-324x324.jpg 324w, https:\/\/hello-love.ch\/wp-content\/uploads\/2024\/01\/IMG_6068-150x150.jpg 150w, https:\/\/hello-love.ch\/wp-content\/uploads\/2024\/01\/IMG_6068-100x100.jpg 100w\" sizes=\"auto, (max-width: 324px) 100vw, 324px\" \/><\/div>\n\t\t\t\t\t<div class=\"wc-block-grid__product-title\">Magnete schwarz-gold<\/div>\n\t\t\t\t<\/a>\n\t\t\t\t<div class=\"wc-block-grid__product-price price\"><span class=\"woocommerce-Price-amount amount\"><span class=\"woocommerce-Price-currencySymbol\">&#067;&#072;&#070;<\/span>5.00<\/span><\/div>\n\t\t\t\t\n\t\t\t\t<div class=\"wp-block-button wc-block-grid__product-add-to-cart\"><a href=\"\/index.php\/wp-json\/wp\/v2\/pages\/34?add-to-cart=1202\" aria-label=\"In den Warenkorb legen: \u201eMagnete schwarz-gold\u201c\" data-quantity=\"1\" data-product_id=\"1202\" data-product_sku=\"\" data-price=\"5\" rel=\"nofollow\" class=\"wp-block-button__link  add_to_cart_button ajax_add_to_cart\">In den Warenkorb<\/a><\/div>\n\t\t\t<\/li><li class=\"wc-block-grid__product\">\n\t\t\t\t<a href=\"https:\/\/hello-love.ch\/index.php\/product\/magnete-blau\/\" class=\"wc-block-grid__product-link\">\n\t\t\t\t\t\n\t\t\t\t\t<div class=\"wc-block-grid__product-image\"><img loading=\"lazy\" decoding=\"async\" width=\"324\" height=\"324\" src=\"https:\/\/hello-love.ch\/wp-content\/uploads\/2024\/01\/IMG_6069-324x324.jpg\" class=\"attachment-woocommerce_thumbnail size-woocommerce_thumbnail\" alt=\"Magnete blau-gold\" srcset=\"https:\/\/hello-love.ch\/wp-content\/uploads\/2024\/01\/IMG_6069-324x324.jpg 324w, https:\/\/hello-love.ch\/wp-content\/uploads\/2024\/01\/IMG_6069-150x150.jpg 150w, https:\/\/hello-love.ch\/wp-content\/uploads\/2024\/01\/IMG_6069-100x100.jpg 100w\" sizes=\"auto, (max-width: 324px) 100vw, 324px\" \/><\/div>\n\t\t\t\t\t<div class=\"wc-block-grid__product-title\">Magnete blau-gold<\/div>\n\t\t\t\t<\/a>\n\t\t\t\t<div class=\"wc-block-grid__product-price price\"><span class=\"woocommerce-Price-amount amount\"><span class=\"woocommerce-Price-currencySymbol\">&#067;&#072;&#070;<\/span>5.00<\/span><\/div>\n\t\t\t\t\n\t\t\t\t<div class=\"wp-block-button wc-block-grid__product-add-to-cart\"><a href=\"\/index.php\/wp-json\/wp\/v2\/pages\/34?add-to-cart=1201\" aria-label=\"In den Warenkorb legen: \u201eMagnete blau-gold\u201c\" data-quantity=\"1\" data-product_id=\"1201\" data-product_sku=\"\" data-price=\"5\" rel=\"nofollow\" class=\"wp-block-button__link  add_to_cart_button ajax_add_to_cart\">In den Warenkorb<\/a><\/div>\n\t\t\t<\/li><li class=\"wc-block-grid__product\">\n\t\t\t\t<a href=\"https:\/\/hello-love.ch\/index.php\/product\/magnete\/\" class=\"wc-block-grid__product-link\">\n\t\t\t\t\t\n\t\t\t\t\t<div class=\"wc-block-grid__product-image\"><img loading=\"lazy\" decoding=\"async\" width=\"324\" height=\"324\" src=\"https:\/\/hello-love.ch\/wp-content\/uploads\/2024\/01\/IMG_5666-324x324.jpg\" class=\"attachment-woocommerce_thumbnail size-woocommerce_thumbnail\" alt=\"Magnete weiss-rosa\" srcset=\"https:\/\/hello-love.ch\/wp-content\/uploads\/2024\/01\/IMG_5666-324x324.jpg 324w, https:\/\/hello-love.ch\/wp-content\/uploads\/2024\/01\/IMG_5666-150x150.jpg 150w, https:\/\/hello-love.ch\/wp-content\/uploads\/2024\/01\/IMG_5666-100x100.jpg 100w\" sizes=\"auto, (max-width: 324px) 100vw, 324px\" \/><\/div>\n\t\t\t\t\t<div class=\"wc-block-grid__product-title\">Magnete weiss-rosa<\/div>\n\t\t\t\t<\/a>\n\t\t\t\t<div class=\"wc-block-grid__product-price price\"><span class=\"woocommerce-Price-amount amount\"><span class=\"woocommerce-Price-currencySymbol\">&#067;&#072;&#070;<\/span>5.00<\/span><\/div>\n\t\t\t\t\n\t\t\t\t<div class=\"wp-block-button wc-block-grid__product-add-to-cart\"><a href=\"\/index.php\/wp-json\/wp\/v2\/pages\/34?add-to-cart=1171\" aria-label=\"In den Warenkorb legen: \u201eMagnete weiss-rosa\u201c\" data-quantity=\"1\" data-product_id=\"1171\" data-product_sku=\"\" data-price=\"5\" rel=\"nofollow\" class=\"wp-block-button__link  add_to_cart_button ajax_add_to_cart\">In den Warenkorb<\/a><\/div>\n\t\t\t<\/li><li class=\"wc-block-grid__product\">\n\t\t\t\t<a href=\"https:\/\/hello-love.ch\/index.php\/product\/necessaire-blum-senf-terracotta\/\" class=\"wc-block-grid__product-link\">\n\t\t\t\t\t\n\t\t\t\t\t<div class=\"wc-block-grid__product-image\"><img loading=\"lazy\" decoding=\"async\" width=\"324\" height=\"324\" src=\"https:\/\/hello-love.ch\/wp-content\/uploads\/2024\/01\/IMG_56961-324x324.jpg\" class=\"attachment-woocommerce_thumbnail size-woocommerce_thumbnail\" alt=\"Necessaire Blum - senf\/terracotta\" srcset=\"https:\/\/hello-love.ch\/wp-content\/uploads\/2024\/01\/IMG_56961-324x324.jpg 324w, https:\/\/hello-love.ch\/wp-content\/uploads\/2024\/01\/IMG_56961-150x150.jpg 150w, https:\/\/hello-love.ch\/wp-content\/uploads\/2024\/01\/IMG_56961-100x100.jpg 100w\" sizes=\"auto, (max-width: 324px) 100vw, 324px\" \/><\/div>\n\t\t\t\t\t<div class=\"wc-block-grid__product-title\">Necessaire Blum &#8211; senf\/terracotta<\/div>\n\t\t\t\t<\/a>\n\t\t\t\t<div class=\"wc-block-grid__product-price price\"><span class=\"woocommerce-Price-amount amount\"><span class=\"woocommerce-Price-currencySymbol\">&#067;&#072;&#070;<\/span>38.00<\/span><\/div>\n\t\t\t\t\n\t\t\t\t<div class=\"wp-block-button wc-block-grid__product-add-to-cart\"><a href=\"\/index.php\/wp-json\/wp\/v2\/pages\/34?add-to-cart=1169\" aria-label=\"In den Warenkorb legen: \u201eNecessaire Blum - senf\/terracotta\u201c\" data-quantity=\"1\" data-product_id=\"1169\" data-product_sku=\"\" data-price=\"38\" rel=\"nofollow\" class=\"wp-block-button__link  add_to_cart_button ajax_add_to_cart\">In den Warenkorb<\/a><\/div>\n\t\t\t<\/li><li class=\"wc-block-grid__product\">\n\t\t\t\t<a href=\"https:\/\/hello-love.ch\/index.php\/product\/necessaire-blum-terracotta-blau\/\" class=\"wc-block-grid__product-link\">\n\t\t\t\t\t\n\t\t\t\t\t<div class=\"wc-block-grid__product-image\"><img loading=\"lazy\" decoding=\"async\" width=\"324\" height=\"324\" src=\"https:\/\/hello-love.ch\/wp-content\/uploads\/2024\/01\/IMG_5697-324x324.jpg\" class=\"attachment-woocommerce_thumbnail size-woocommerce_thumbnail\" alt=\"Necessaire Blum - terracotta\/blau\" srcset=\"https:\/\/hello-love.ch\/wp-content\/uploads\/2024\/01\/IMG_5697-324x324.jpg 324w, https:\/\/hello-love.ch\/wp-content\/uploads\/2024\/01\/IMG_5697-300x300.jpg 300w, https:\/\/hello-love.ch\/wp-content\/uploads\/2024\/01\/IMG_5697-1024x1024.jpg 1024w, https:\/\/hello-love.ch\/wp-content\/uploads\/2024\/01\/IMG_5697-150x150.jpg 150w, https:\/\/hello-love.ch\/wp-content\/uploads\/2024\/01\/IMG_5697-768x768.jpg 768w, https:\/\/hello-love.ch\/wp-content\/uploads\/2024\/01\/IMG_5697-1536x1536.jpg 1536w, https:\/\/hello-love.ch\/wp-content\/uploads\/2024\/01\/IMG_5697-2048x2048.jpg 2048w, https:\/\/hello-love.ch\/wp-content\/uploads\/2024\/01\/IMG_5697-416x416.jpg 416w, https:\/\/hello-love.ch\/wp-content\/uploads\/2024\/01\/IMG_5697-100x100.jpg 100w\" sizes=\"auto, (max-width: 324px) 100vw, 324px\" \/><\/div>\n\t\t\t\t\t<div class=\"wc-block-grid__product-title\">Necessaire Blum &#8211; terracotta\/blau<\/div>\n\t\t\t\t<\/a>\n\t\t\t\t<div class=\"wc-block-grid__product-price price\"><span class=\"woocommerce-Price-amount amount\"><span class=\"woocommerce-Price-currencySymbol\">&#067;&#072;&#070;<\/span>38.00<\/span><\/div>\n\t\t\t\t\n\t\t\t\t<div class=\"wp-block-button wc-block-grid__product-add-to-cart\"><a href=\"\/index.php\/wp-json\/wp\/v2\/pages\/34?add-to-cart=1168\" aria-label=\"In den Warenkorb legen: \u201eNecessaire Blum - terracotta\/blau\u201c\" data-quantity=\"1\" data-product_id=\"1168\" data-product_sku=\"\" data-price=\"38\" rel=\"nofollow\" class=\"wp-block-button__link  add_to_cart_button ajax_add_to_cart\">In den Warenkorb<\/a><\/div>\n\t\t\t<\/li><li class=\"wc-block-grid__product\">\n\t\t\t\t<a href=\"https:\/\/hello-love.ch\/index.php\/product\/necessaire-blum-blau-senf\/\" class=\"wc-block-grid__product-link\">\n\t\t\t\t\t\n\t\t\t\t\t<div class=\"wc-block-grid__product-image\"><img loading=\"lazy\" decoding=\"async\" width=\"324\" height=\"324\" src=\"https:\/\/hello-love.ch\/wp-content\/uploads\/2024\/01\/IMG_56951-324x324.jpg\" class=\"attachment-woocommerce_thumbnail size-woocommerce_thumbnail\" alt=\"Necessaire Blum - blau\/senf\" srcset=\"https:\/\/hello-love.ch\/wp-content\/uploads\/2024\/01\/IMG_56951-324x324.jpg 324w, https:\/\/hello-love.ch\/wp-content\/uploads\/2024\/01\/IMG_56951-300x300.jpg 300w, https:\/\/hello-love.ch\/wp-content\/uploads\/2024\/01\/IMG_56951-1024x1024.jpg 1024w, https:\/\/hello-love.ch\/wp-content\/uploads\/2024\/01\/IMG_56951-150x150.jpg 150w, https:\/\/hello-love.ch\/wp-content\/uploads\/2024\/01\/IMG_56951-768x768.jpg 768w, https:\/\/hello-love.ch\/wp-content\/uploads\/2024\/01\/IMG_56951-1536x1536.jpg 1536w, https:\/\/hello-love.ch\/wp-content\/uploads\/2024\/01\/IMG_56951-2048x2048.jpg 2048w, https:\/\/hello-love.ch\/wp-content\/uploads\/2024\/01\/IMG_56951-416x416.jpg 416w, https:\/\/hello-love.ch\/wp-content\/uploads\/2024\/01\/IMG_56951-100x100.jpg 100w\" sizes=\"auto, (max-width: 324px) 100vw, 324px\" \/><\/div>\n\t\t\t\t\t<div class=\"wc-block-grid__product-title\">Necessaire Blum &#8211; blau\/senf<\/div>\n\t\t\t\t<\/a>\n\t\t\t\t<div class=\"wc-block-grid__product-price price\"><span class=\"woocommerce-Price-amount amount\"><span class=\"woocommerce-Price-currencySymbol\">&#067;&#072;&#070;<\/span>38.00<\/span><\/div>\n\t\t\t\t\n\t\t\t\t<div class=\"wp-block-button wc-block-grid__product-add-to-cart\"><a href=\"\/index.php\/wp-json\/wp\/v2\/pages\/34?add-to-cart=1135\" aria-label=\"In den Warenkorb legen: \u201eNecessaire Blum - blau\/senf\u201c\" data-quantity=\"1\" data-product_id=\"1135\" data-product_sku=\"\" data-price=\"38\" rel=\"nofollow\" class=\"wp-block-button__link  add_to_cart_button ajax_add_to_cart\">In den Warenkorb<\/a><\/div>\n\t\t\t<\/li><li class=\"wc-block-grid__product\">\n\t\t\t\t<a href=\"https:\/\/hello-love.ch\/index.php\/product\/armbaendeli-orzo\/\" class=\"wc-block-grid__product-link\">\n\t\t\t\t\t\n\t\t\t\t\t<div class=\"wc-block-grid__product-image\"><img loading=\"lazy\" decoding=\"async\" width=\"324\" height=\"324\" src=\"https:\/\/hello-love.ch\/wp-content\/uploads\/2024\/01\/IMG_5472-324x324.jpg\" class=\"attachment-woocommerce_thumbnail size-woocommerce_thumbnail\" alt=\"Armb\u00e4ndeli Orzo\" srcset=\"https:\/\/hello-love.ch\/wp-content\/uploads\/2024\/01\/IMG_5472-324x324.jpg 324w, https:\/\/hello-love.ch\/wp-content\/uploads\/2024\/01\/IMG_5472-150x150.jpg 150w, https:\/\/hello-love.ch\/wp-content\/uploads\/2024\/01\/IMG_5472-100x100.jpg 100w\" sizes=\"auto, (max-width: 324px) 100vw, 324px\" \/><\/div>\n\t\t\t\t\t<div class=\"wc-block-grid__product-title\">Armb\u00e4ndeli Orzo<\/div>\n\t\t\t\t<\/a>\n\t\t\t\t<div class=\"wc-block-grid__product-price price\"><span class=\"woocommerce-Price-amount amount\"><span class=\"woocommerce-Price-currencySymbol\">&#067;&#072;&#070;<\/span>14.00<\/span><\/div>\n\t\t\t\t\n\t\t\t\t<div class=\"wp-block-button wc-block-grid__product-add-to-cart\"><a href=\"\/index.php\/wp-json\/wp\/v2\/pages\/34?add-to-cart=1134\" aria-label=\"In den Warenkorb legen: \u201eArmb\u00e4ndeli Orzo\u201c\" data-quantity=\"1\" data-product_id=\"1134\" data-product_sku=\"\" data-price=\"14\" rel=\"nofollow\" class=\"wp-block-button__link  add_to_cart_button ajax_add_to_cart\">In den Warenkorb<\/a><\/div>\n\t\t\t<\/li><li class=\"wc-block-grid__product\">\n\t\t\t\t<a href=\"https:\/\/hello-love.ch\/index.php\/product\/armbaendeli-ava\/\" class=\"wc-block-grid__product-link\">\n\t\t\t\t\t\n\t\t\t\t\t<div class=\"wc-block-grid__product-image\"><img loading=\"lazy\" decoding=\"async\" width=\"324\" height=\"324\" src=\"https:\/\/hello-love.ch\/wp-content\/uploads\/2024\/01\/IMG_54841-324x324.jpg\" class=\"attachment-woocommerce_thumbnail size-woocommerce_thumbnail\" alt=\"Armb\u00e4ndeli Ava\" srcset=\"https:\/\/hello-love.ch\/wp-content\/uploads\/2024\/01\/IMG_54841-324x324.jpg 324w, https:\/\/hello-love.ch\/wp-content\/uploads\/2024\/01\/IMG_54841-150x150.jpg 150w, https:\/\/hello-love.ch\/wp-content\/uploads\/2024\/01\/IMG_54841-100x100.jpg 100w\" sizes=\"auto, (max-width: 324px) 100vw, 324px\" \/><\/div>\n\t\t\t\t\t<div class=\"wc-block-grid__product-title\">Armb\u00e4ndeli Ava<\/div>\n\t\t\t\t<\/a>\n\t\t\t\t<div class=\"wc-block-grid__product-price price\"><span class=\"woocommerce-Price-amount amount\"><span class=\"woocommerce-Price-currencySymbol\">&#067;&#072;&#070;<\/span>12.00<\/span><\/div>\n\t\t\t\t\n\t\t\t\t<div class=\"wp-block-button wc-block-grid__product-add-to-cart\"><a href=\"\/index.php\/wp-json\/wp\/v2\/pages\/34?add-to-cart=1133\" aria-label=\"In den Warenkorb legen: \u201eArmb\u00e4ndeli Ava\u201c\" data-quantity=\"1\" data-product_id=\"1133\" data-product_sku=\"\" data-price=\"12\" rel=\"nofollow\" class=\"wp-block-button__link  add_to_cart_button ajax_add_to_cart\">In den Warenkorb<\/a><\/div>\n\t\t\t<\/li><li class=\"wc-block-grid__product\">\n\t\t\t\t<a href=\"https:\/\/hello-love.ch\/index.php\/product\/armbaendeli-kornblume\/\" class=\"wc-block-grid__product-link\">\n\t\t\t\t\t\n\t\t\t\t\t<div class=\"wc-block-grid__product-image\"><img loading=\"lazy\" decoding=\"async\" width=\"324\" height=\"324\" src=\"https:\/\/hello-love.ch\/wp-content\/uploads\/2024\/01\/IMG_5507-324x324.jpg\" class=\"attachment-woocommerce_thumbnail size-woocommerce_thumbnail\" alt=\"Armb\u00e4ndeli Kornblume\" srcset=\"https:\/\/hello-love.ch\/wp-content\/uploads\/2024\/01\/IMG_5507-324x324.jpg 324w, https:\/\/hello-love.ch\/wp-content\/uploads\/2024\/01\/IMG_5507-150x150.jpg 150w, https:\/\/hello-love.ch\/wp-content\/uploads\/2024\/01\/IMG_5507-100x100.jpg 100w\" sizes=\"auto, (max-width: 324px) 100vw, 324px\" \/><\/div>\n\t\t\t\t\t<div class=\"wc-block-grid__product-title\">Armb\u00e4ndeli Kornblume<\/div>\n\t\t\t\t<\/a>\n\t\t\t\t<div class=\"wc-block-grid__product-price price\"><span class=\"woocommerce-Price-amount amount\"><span class=\"woocommerce-Price-currencySymbol\">&#067;&#072;&#070;<\/span>12.00<\/span><\/div>\n\t\t\t\t\n\t\t\t\t<div class=\"wp-block-button wc-block-grid__product-add-to-cart\"><a href=\"\/index.php\/wp-json\/wp\/v2\/pages\/34?add-to-cart=1132\" aria-label=\"In den Warenkorb legen: \u201eArmb\u00e4ndeli Kornblume\u201c\" data-quantity=\"1\" data-product_id=\"1132\" data-product_sku=\"\" data-price=\"12\" rel=\"nofollow\" class=\"wp-block-button__link  add_to_cart_button ajax_add_to_cart\">In den Warenkorb<\/a><\/div>\n\t\t\t<\/li><\/ul><\/div>\n\n\n<div data-align-buttons=\"false\" data-block-name=\"woocommerce\/all-products\" data-columns=\"3\" data-content-visibility=\"{&quot;orderBy&quot;:true}\" data-layout-config=\"[[&quot;woocommerce\\\/product-image&quot;,{&quot;imageSizing&quot;:&quot;thumbnail&quot;}],[&quot;woocommerce\\\/product-title&quot;],[&quot;woocommerce\\\/product-price&quot;],[&quot;woocommerce\\\/product-rating&quot;],[&quot;woocommerce\\\/product-button&quot;]]\" data-orderby=\"date\" data-rows=\"3\" class=\"wp-block-woocommerce-all-products wc-block-all-products\" data-attributes=\"{&quot;alignButtons&quot;:false,&quot;columns&quot;:3,&quot;contentVisibility&quot;:{&quot;orderBy&quot;:true},&quot;isPreview&quot;:false,&quot;layoutConfig&quot;:[[&quot;woocommerce\/product-image&quot;,{&quot;imageSizing&quot;:&quot;thumbnail&quot;}],[&quot;woocommerce\/product-title&quot;],[&quot;woocommerce\/product-price&quot;],[&quot;woocommerce\/product-rating&quot;],[&quot;woocommerce\/product-button&quot;]],&quot;orderby&quot;:&quot;date&quot;,&quot;rows&quot;:3}\">\n\n\n<div data-block-name=\"woocommerce\/product-title\" class=\"wp-block-woocommerce-product-title is-loading\"><\/div>\n\n\n\n\n\n<div data-block-name=\"woocommerce\/product-rating\" class=\"is-loading\"><\/div>\n\n\n<\/div>\n","protected":false},"excerpt":{"rendered":"<p>Individueller Schmuck und Accessoires \u2013 mit Liebe hergestellt in Z\u00fcrich Ich verwende f\u00fcr meine Produkte nur hochwertige Materialien. \u00dcberall pr\u00e4sent sind vintage Materialien \u2013 Stoffe, Schmuckelemente, Mercerie-Waren, Kordeln oder einfach Gl\u00fccksfunde, die ich auf Flohm\u00e4rkten, im Brocki, im Internet oder in meinem lange Jahre aufgebauten Fundus entdecke. hello LOVE hat darum meistens Kleinserien im Angebot, [&hellip;]<\/p>\n","protected":false},"author":1,"featured_media":0,"parent":0,"menu_order":0,"comment_status":"closed","ping_status":"closed","template":"template-fullwidth.php","meta":{"footnotes":""},"class_list":["post-34","page","type-page","status-publish","hentry"],"_links":{"self":[{"href":"https:\/\/hello-love.ch\/index.php\/wp-json\/wp\/v2\/pages\/34","targetHints":{"allow":["GET"]}}],"collection":[{"href":"https:\/\/hello-love.ch\/index.php\/wp-json\/wp\/v2\/pages"}],"about":[{"href":"https:\/\/hello-love.ch\/index.php\/wp-json\/wp\/v2\/types\/page"}],"author":[{"embeddable":true,"href":"https:\/\/hello-love.ch\/index.php\/wp-json\/wp\/v2\/users\/1"}],"replies":[{"embeddable":true,"href":"https:\/\/hello-love.ch\/index.php\/wp-json\/wp\/v2\/comments?post=34"}],"version-history":[{"count":47,"href":"https:\/\/hello-love.ch\/index.php\/wp-json\/wp\/v2\/pages\/34\/revisions"}],"predecessor-version":[{"id":957,"href":"https:\/\/hello-love.ch\/index.php\/wp-json\/wp\/v2\/pages\/34\/revisions\/957"}],"wp:attachment":[{"href":"https:\/\/hello-love.ch\/index.php\/wp-json\/wp\/v2\/media?parent=34"}],"curies":[{"name":"wp","href":"https:\/\/api.w.org\/{rel}","templated":true}]}}